{"id":8,"date":"2014-06-18T08:07:50","date_gmt":"2014-06-18T07:07:50","guid":{"rendered":"http:\/\/zpcervenka.cz\/?page_id=8"},"modified":"2025-05-22T09:51:42","modified_gmt":"2025-05-22T08:51:42","slug":"akcionari","status":"publish","type":"page","link":"https:\/\/zpcervenka.cz\/?page_id=8","title":{"rendered":"Akcion\u00e1\u0159i"},"content":{"rendered":"<div class=\"art-content-layout\">\n<div class=\"art-content-layout-row\">\n<div class=\"art-layout-cell\" style=\"width: 100%;\">\n<p>Zde uve\u0159ej\u0148ujeme pozv\u00e1nky na valnou hromadu pro na\u0161e akcion\u00e1\u0159e.<\/p>\n<p><a href=\"http:\/\/zpcervenka.cz\/wp-content\/uploads\/2022\/05\/Pozvanka-na-valnou-hromadu-2022.doc\">Pozv\u00e1nka na valnou hromadu 2022<\/a><\/p>\n<p><a href=\"http:\/\/zpcervenka.cz\/wp-content\/uploads\/2018\/07\/Akciov\u00e1-spole\u010dnost-ZP-\u010cervenka.docx\">Akciov\u00e1 spole\u010dnost ZP \u010cervenka<\/a><\/p>\n<p><a href=\"http:\/\/zpcervenka.cz\/wp-content\/uploads\/2021\/05\/Pozvanka-na-valnou-hromadu.pdf\">Pozv\u00e1nka na valnou hromadu<\/a><\/p>\n<\/div>\n<\/div>\n<\/div>\n<div class=\"art-content-layout\"><a href=\"http:\/\/zpcervenka.cz\/wp-content\/uploads\/2019\/07\/Akciov\u00e1-spole\u010dnost-ZP-\u010cervenka.docx\">Akciov\u00e1-spole\u010dnost-ZP-\u010cervenka<\/a><\/div>\n<div>\u00a0<\/div>\n<div><a href=\"http:\/\/zpcervenka.cz\/wp-content\/uploads\/2020\/06\/Pozv\u00e1nka-na-valnou-hromadu.doc\">Pozv\u00e1nka na valnou hromadu<\/a><\/div>\n<div>\u00a0<\/div>\n<div><a href=\"http:\/\/zpcervenka.cz\/wp-content\/uploads\/2020\/08\/Akciov\u00e1-spole\u010dnost-ZP-\u010cervenka.docx\">Akciov\u00e1-spole\u010dnost-ZP-\u010cervenka<\/a><\/div>\n<div>\u00a0<\/div>\n<div class=\"art-content-layout\"><a href=\"http:\/\/zpcervenka.cz\/wp-content\/uploads\/2023\/05\/Pozvanka-na-valnou-hromadu-3.doc\">Pozv\u00e1nka na valnou hromadu<\/a><\/div>\n<div>\u00a0<\/div>\n<div><a href=\"http:\/\/zpcervenka.cz\/wp-content\/uploads\/2024\/05\/Pozvanka-na-valnou-hromadu-1.doc\">Pozv\u00e1nka na valnou hromadu 2024<\/a><\/div>\n\n\n<div class=\"wp-block-file\"><a id=\"wp-block-file--media-897281e6-b333-4fa5-92cc-30d907a88496\" href=\"http:\/\/zpcervenka.cz\/wp-content\/uploads\/2025\/05\/Pozvanka-na-valnou-hromadu-1.doc\">Pozvanka-na-valnou-hromadu-1<\/a><\/div>\n","protected":false},"excerpt":{"rendered":"<p>Zde uve\u0159ej\u0148ujeme pozv\u00e1nky na valnou hromadu pro na\u0161e akcion\u00e1\u0159e. Pozv\u00e1nka na valnou hromadu 2022 Akciov\u00e1 spole\u010dnost ZP \u010cervenka Pozv\u00e1nka na valnou hromadu Akciov\u00e1-spole\u010dnost-ZP-\u010cervenka \u00a0 Pozv\u00e1nka na valnou hromadu \u00a0 Akciov\u00e1-spole\u010dnost-ZP-\u010cervenka \u00a0 Pozv\u00e1nka na valnou hromadu \u00a0 Pozv\u00e1nka na valnou hromadu 2024<\/p>\n","protected":false},"author":1,"featured_media":0,"parent":0,"menu_order":4,"comment_status":"closed","ping_status":"open","template":"","meta":{"footnotes":""},"_links":{"self":[{"href":"https:\/\/zpcervenka.cz\/index.php?rest_route=\/wp\/v2\/pages\/8"}],"collection":[{"href":"https:\/\/zpcervenka.cz\/index.php?rest_route=\/wp\/v2\/pages"}],"about":[{"href":"https:\/\/zpcervenka.cz\/index.php?rest_route=\/wp\/v2\/types\/page"}],"author":[{"embeddable":true,"href":"https:\/\/zpcervenka.cz\/index.php?rest_route=\/wp\/v2\/users\/1"}],"replies":[{"embeddable":true,"href":"https:\/\/zpcervenka.cz\/index.php?rest_route=%2Fwp%2Fv2%2Fcomments&post=8"}],"version-history":[{"count":22,"href":"https:\/\/zpcervenka.cz\/index.php?rest_route=\/wp\/v2\/pages\/8\/revisions"}],"predecessor-version":[{"id":148,"href":"https:\/\/zpcervenka.cz\/index.php?rest_route=\/wp\/v2\/pages\/8\/revisions\/148"}],"wp:attachment":[{"href":"https:\/\/zpcervenka.cz\/index.php?rest_route=%2Fwp%2Fv2%2Fmedia&parent=8"}],"curies":[{"name":"wp","href":"https:\/\/api.w.org\/{rel}","templated":true}]}}